{"id":10,"date":"2025-11-17T03:44:32","date_gmt":"2025-11-17T03:44:32","guid":{"rendered":"https:\/\/karviapvok.fi\/?page_id=10"},"modified":"2025-11-17T03:44:32","modified_gmt":"2025-11-17T03:44:32","slug":"vesinayte","status":"publish","type":"page","link":"https:\/\/karviapvok.fi\/index.php\/vesinayte\/","title":{"rendered":"Vesin\u00e4yte"},"content":{"rendered":"\n<p>Edellinen vesin\u00e4yte otettu 31.10.2025<\/p>\n\n\n\n<p>L\u00e4mp\u00f6tila 10,0\u00b0C<br>Haju Ei todettu ei ep\u00e4tavallisia muutoksia<br>Maku ei todettu ei ep\u00e4tavallisia muutoksia<br>Mangaani \u03bcg\/l 1,4 &lt;50 (t)<br>Rauta &lt; 10 <br>pH 6,6 6,5-9,5 (t)<br>Sameus &lt; 0,2 ei ep\u00e4tavallisia muutoksia<br>S\u00e4hk\u00f6njohtavuus 30 &lt;2500 (t)<br>V\u00e4riluku &lt; 5 ei ep\u00e4tavallisia muutoksia<br>Escherichia coli 0 <br>Heterotrofinen pes\u00e4keluku 22\u00b0C pmy\/ml 0 ei ep\u00e4tavallisia muutoksia<br>Koliformiset bakteerit 0 <br>Suolistoper\u00e4iset enterokokit 0 <\/p>\n\n\n\n<p>LAUSUNTO<\/p>\n\n\n\n<p>Vesin\u00e4yte t\u00e4ytti tutkituilta osin talousvedelle asetetut laatuvaatimukset ja laatutavoitteet (STM asetus 1352\/2015).<\/p>\n\n\n\n<p><\/p>\n\n\n\n<p><\/p>\n","protected":false},"excerpt":{"rendered":"<p>Edellinen vesin\u00e4yte otettu 31.10.2025 L\u00e4mp\u00f6tila 10,0\u00b0CHaju Ei todettu ei ep\u00e4tavallisia muutoksiaMaku ei todettu ei ep\u00e4tavallisia muutoksiaMangaani \u03bcg\/l 1,4 &lt;50 (t)Rauta &lt; 10 pH 6,6 6,5-9,5 (t)Sameus &lt; 0,2 ei ep\u00e4tavallisia muutoksiaS\u00e4hk\u00f6njohtavuus 30 &lt;2500 (t)V\u00e4riluku &lt; 5 ei ep\u00e4tavallisia muutoksiaEscherichia coli 0 Heterotrofinen pes\u00e4keluku 22\u00b0C pmy\/ml 0 ei ep\u00e4tavallisia muutoksiaKoliformiset bakteerit 0 Suolistoper\u00e4iset enterokokit 0 LAUSUNTO [&hellip;]<\/p>\n","protected":false},"author":1,"featured_media":0,"parent":0,"menu_order":0,"comment_status":"closed","ping_status":"closed","template":"","meta":{"footnotes":""},"class_list":["post-10","page","type-page","status-publish","hentry"],"_links":{"self":[{"href":"https:\/\/karviapvok.fi\/index.php\/wp-json\/wp\/v2\/pages\/10","targetHints":{"allow":["GET"]}}],"collection":[{"href":"https:\/\/karviapvok.fi\/index.php\/wp-json\/wp\/v2\/pages"}],"about":[{"href":"https:\/\/karviapvok.fi\/index.php\/wp-json\/wp\/v2\/types\/page"}],"author":[{"embeddable":true,"href":"https:\/\/karviapvok.fi\/index.php\/wp-json\/wp\/v2\/users\/1"}],"replies":[{"embeddable":true,"href":"https:\/\/karviapvok.fi\/index.php\/wp-json\/wp\/v2\/comments?post=10"}],"version-history":[{"count":1,"href":"https:\/\/karviapvok.fi\/index.php\/wp-json\/wp\/v2\/pages\/10\/revisions"}],"predecessor-version":[{"id":11,"href":"https:\/\/karviapvok.fi\/index.php\/wp-json\/wp\/v2\/pages\/10\/revisions\/11"}],"wp:attachment":[{"href":"https:\/\/karviapvok.fi\/index.php\/wp-json\/wp\/v2\/media?parent=10"}],"curies":[{"name":"wp","href":"https:\/\/api.w.org\/{rel}","templated":true}]}}