{"id":2,"date":"2025-11-17T03:27:21","date_gmt":"2025-11-17T03:27:21","guid":{"rendered":"https:\/\/karviapvok.fi\/?page_id=2"},"modified":"2025-11-17T04:05:33","modified_gmt":"2025-11-17T04:05:33","slug":"sample-page","status":"publish","type":"page","link":"https:\/\/karviapvok.fi\/","title":{"rendered":"Yleist\u00e4"},"content":{"rendered":"\n<p><\/p>\n\n\n\n<blockquote class=\"wp-block-quote is-layout-flow wp-block-quote-is-layout-flow\">\n<p>Vesiosuuskunta on perustettu 1974 ja se on rekister\u00f6ity 06.09.1974 Patentti- ja rekisterihallituksessa. Vesiosuuskunnalla on 406 liittyj\u00e4\u00e4 ja verkoston pituus on n. 100 km<\/p>\n<\/blockquote>\n\n\n\n<p><\/p>\n\n\n\n<blockquote class=\"wp-block-quote is-layout-flow wp-block-quote-is-layout-flow\">\n<p><\/p>\n<\/blockquote>\n\n\n\n<p><\/p>\n","protected":false},"excerpt":{"rendered":"<p>Vesiosuuskunta on perustettu 1974 ja se on rekister\u00f6ity 06.09.1974 Patentti- ja rekisterihallituksessa. Vesiosuuskunnalla on 406 liittyj\u00e4\u00e4 ja verkoston pituus on n. 100 km<\/p>\n","protected":false},"author":1,"featured_media":0,"parent":0,"menu_order":0,"comment_status":"closed","ping_status":"open","template":"","meta":{"footnotes":""},"class_list":["post-2","page","type-page","status-publish","hentry"],"_links":{"self":[{"href":"https:\/\/karviapvok.fi\/index.php\/wp-json\/wp\/v2\/pages\/2","targetHints":{"allow":["GET"]}}],"collection":[{"href":"https:\/\/karviapvok.fi\/index.php\/wp-json\/wp\/v2\/pages"}],"about":[{"href":"https:\/\/karviapvok.fi\/index.php\/wp-json\/wp\/v2\/types\/page"}],"author":[{"embeddable":true,"href":"https:\/\/karviapvok.fi\/index.php\/wp-json\/wp\/v2\/users\/1"}],"replies":[{"embeddable":true,"href":"https:\/\/karviapvok.fi\/index.php\/wp-json\/wp\/v2\/comments?post=2"}],"version-history":[{"count":6,"href":"https:\/\/karviapvok.fi\/index.php\/wp-json\/wp\/v2\/pages\/2\/revisions"}],"predecessor-version":[{"id":22,"href":"https:\/\/karviapvok.fi\/index.php\/wp-json\/wp\/v2\/pages\/2\/revisions\/22"}],"wp:attachment":[{"href":"https:\/\/karviapvok.fi\/index.php\/wp-json\/wp\/v2\/media?parent=2"}],"curies":[{"name":"wp","href":"https:\/\/api.w.org\/{rel}","templated":true}]}}